{"id":14,"date":"2017-10-12T20:18:34","date_gmt":"2017-10-12T20:18:34","guid":{"rendered":"https:\/\/skilloon.com\/?page_id=14"},"modified":"2018-08-16T06:25:27","modified_gmt":"2018-08-16T06:25:27","slug":"what-is-skilloon","status":"publish","type":"page","link":"https:\/\/skilloon.com\/pb\/","title":{"rendered":"O que \u00e9 Skilloon"},"content":{"rendered":"<div class=\"wpb-content-wrapper\"><p>[vc_row css=&#8221;.vc_custom_1507854001699{background: #00c8be url(https:\/\/skilloon.com\/wp-content\/uploads\/2017\/10\/hero-tausta-sky.png?id=57) !important;background-position: center !important;background-repeat: no-repeat !important;background-size: cover !important;}&#8221; el_class=&#8221;hero&#8221;][vc_column][vc_single_image image=&#8221;430&#8243; img_size=&#8221;full&#8221; alignment=&#8221;center&#8221;][vc_row_inner el_class=&#8221;buttons&#8221;][vc_column_inner][vc_empty_space height=&#8221;30px&#8221;][vc_btn title=&#8221;Solicite uma demo&#8221; style=&#8221;flat&#8221; shape=&#8221;square&#8221; align=&#8221;center&#8221; el_class=&#8221;button1 color_purple&#8221; link=&#8221;url:mailto%3Ainfo%40notabadidea.fi||target:%20_blank|&#8221;][vc_btn title=&#8221;Login&#8221; style=&#8221;flat&#8221; shape=&#8221;square&#8221; align=&#8221;center&#8221; el_class=&#8221;button1 color_purple&#8221; link=&#8221;url:https%3A%2F%2Fapp.skilloon.com||target:%20_blank|&#8221;][vc_empty_space height=&#8221;30px&#8221;][\/vc_column_inner][\/vc_row_inner][\/vc_column][\/vc_row][vc_row css=&#8221;.vc_custom_1507841469429{background-color: #450062 !important;}&#8221;][vc_column][vc_custom_heading text=&#8221;Skilloon \u00e9 uma plataforma baseada em pesquisa que envolve conte\u00fado de alta qualidade de aprendizado empreendedor: ferramentas de avalia\u00e7\u00e3o, atividades concretas e um sistema de portf\u00f3lio pessoal para os alunos.<\/p>\n<p>Skilloon ajuda os professores a colocar o aprendizado empreendedor na pr\u00e1tica!&#8221; use_theme_fonts=&#8221;yes&#8221;][vc_empty_space height=&#8221;30px&#8221;][vc_btn title=&#8221;Veja e leia mais&#8221; style=&#8221;flat&#8221; shape=&#8221;square&#8221; align=&#8221;left&#8221; el_class=&#8221;button1 color_orange&#8221; link=&#8221;url:https%3A%2F%2Fskilloon.com%2Fresearch%23research1bp|||&#8221;][vc_empty_space height=&#8221;30px&#8221;][vc_custom_heading text=&#8221;Por que solu\u00e7\u00f5es educacionais da Finl\u00e2ndia?&#8221; use_theme_fonts=&#8221;yes&#8221;][vc_empty_space height=&#8221;30px&#8221;][vc_btn title=&#8221;Veja e leia mais&#8221; style=&#8221;flat&#8221; shape=&#8221;square&#8221; align=&#8221;left&#8221; el_class=&#8221;button1 color_orange&#8221; link=&#8221;url:https%3A%2F%2Fskilloon.com%2Fresearch%23research2bp|||&#8221;][\/vc_column][\/vc_row][vc_row disable_element=&#8221;yes&#8221; css=&#8221;.vc_custom_1508345644116{background-color: #ff8200 !important;}&#8221;][vc_column][vc_custom_heading text=&#8221;QUEM EST\u00c1 POR TR\u00c1S DO SKILLOON?&#8221; use_theme_fonts=&#8221;yes&#8221;][vc_column_text]<\/p>\n<h3>For teachers and mentors<\/h3>\n<ul>\n<li>Registration<\/li>\n<li>Concrete guidance on how to set up SKILLOON use for a group of students<\/li>\n<li>Visible data showing students\u00b4 evaluations and processes in action<\/li>\n<li>Opportunities to choose ready-made assignments<\/li>\n<li>Tasks to activate groups and the school community<\/li>\n<li>A practical tool to support personal online mentoring<\/li>\n<li>Using SKILLOON as a course assignment<\/li>\n<li>A concrete platform for teachers\/mentors to promote student-centred learning<\/li>\n<\/ul>\n<h3>For students<\/h3>\n<ul>\n<li>Registration<\/li>\n<li>Answering a school and<\/li>\n<li>self-evaluation questionnaire<\/li>\n<li>Immediate personal feedback<\/li>\n<li>Personal recommendations for future actions<\/li>\n<li>Concrete and varied tasks for the following weeks<\/li>\n<li>Earning points<\/li>\n<li>Personal portfolio development called LOGBOOK<\/li>\n<\/ul>\n<p>[\/vc_column_text][vc_empty_space height=&#8221;30px&#8221;][vc_btn style=&#8221;flat&#8221; shape=&#8221;square&#8221; align=&#8221;left&#8221; el_class=&#8221;button1 color_purple&#8221;][\/vc_column][\/vc_row][vc_row css=&#8221;.vc_custom_1508345656998{background-color: #ff8200 !important;}&#8221;][vc_column][vc_row_inner gap=&#8221;30&#8243;][vc_column_inner width=&#8221;2\/3&#8243;][vc_custom_heading text=&#8221;QUEM EST\u00c1 POR TR\u00c1S DO SKILLOON?&#8221; use_theme_fonts=&#8221;yes&#8221;][vc_column_text]<\/p>\n<h3>Not a Bad Idea, <a href=\"http:\/\/www.notabadidea.fi\" target=\"_blank\" rel=\"noopener\">www.notabadidea.fi<\/a><\/h3>\n<p>Conte\u00fado, conceito e pesquisa<\/p>\n<h3>Projeto Digitrainer, <a href=\"http:\/\/www.digitreenari.fi\" target=\"_blank\" rel=\"noopener\">www.digitreenari.fi<\/a><\/h3>\n<p>Testes\u00a0 realizados na Finl\u00e2ndia, Coordenados pelo Munic\u00edpio de Myn\u00e4m\u00e4ki, <a href=\"http:\/\/www.mynamaki.fi\" target=\"_blank\" rel=\"noopener\">www.mynamaki.fi<\/a>\u00a0(in Finland)<\/p>\n<h3>Ag\u00eancia Nacional para a Educa\u00e7\u00e3o da Finl\u00e2ndia\u00a0<a href=\"http:\/\/www.oph.fi\/english\" target=\"_blank\" rel=\"noopener\">www.oph.fi\/english<\/a><\/h3>\n<p>Financiamento para o projeto na Finl\u00e2ndia &#8211;\u00a0 Digitrainer<\/p>\n<p>[\/vc_column_text][\/vc_column_inner][vc_column_inner el_class=&#8221;logot&#8221; width=&#8221;1\/3&#8243;][vc_single_image image=&#8221;201&#8243; img_size=&#8221;200&#215;200&#8243; alignment=&#8221;center&#8221;][vc_single_image image=&#8221;197&#8243; img_size=&#8221;200&#215;200&#8243; alignment=&#8221;center&#8221;][vc_single_image image=&#8221;193&#8243; img_size=&#8221;200&#215;200&#8243; alignment=&#8221;center&#8221;][\/vc_column_inner][\/vc_row_inner][\/vc_column][\/vc_row]<\/p>\n<\/div>","protected":false},"excerpt":{"rendered":"<p>[vc_row css=&#8221;.vc_custom_1507854001699{background: #00c8be url(https:\/\/skilloon.com\/wp-content\/uploads\/2017\/10\/hero-tausta-sky.png?id=57) !important;background-position: center !important;background-repeat: no-repeat !important;background-size: cover !important;}&#8221; el_class=&#8221;hero&#8221;][vc_column][vc_single_image image=&#8221;430&#8243; img_size=&#8221;full&#8221; alignment=&#8221;center&#8221;][vc_row_inner el_class=&#8221;buttons&#8221;][vc_column_inner][vc_empty_space height=&#8221;30px&#8221;][vc_btn title=&#8221;Solicite uma demo&#8221; style=&#8221;flat&#8221; shape=&#8221;square&#8221; align=&#8221;center&#8221; el_class=&#8221;button1 color_purple&#8221; link=&#8221;url:mailto%3Ainfo%40notabadidea.fi||target:%20_blank|&#8221;][vc_btn title=&#8221;Login&#8221; style=&#8221;flat&#8221; shape=&#8221;square&#8221; align=&#8221;center&#8221; el_class=&#8221;button1 color_purple&#8221; link=&#8221;url:https%3A%2F%2Fapp.skilloon.com||target:%20_blank|&#8221;][vc_empty_space height=&#8221;30px&#8221;][\/vc_column_inner][\/vc_row_inner][\/vc_column][\/vc_row][vc_row&#46;&#46;&#46;<\/p>\n","protected":false},"author":1,"featured_media":0,"parent":0,"menu_order":0,"comment_status":"closed","ping_status":"closed","template":"","meta":{"footnotes":""},"_links":{"self":[{"href":"https:\/\/skilloon.com\/pb\/wp-json\/wp\/v2\/pages\/14"}],"collection":[{"href":"https:\/\/skilloon.com\/pb\/wp-json\/wp\/v2\/pages"}],"about":[{"href":"https:\/\/skilloon.com\/pb\/wp-json\/wp\/v2\/types\/page"}],"author":[{"embeddable":true,"href":"https:\/\/skilloon.com\/pb\/wp-json\/wp\/v2\/users\/1"}],"replies":[{"embeddable":true,"href":"https:\/\/skilloon.com\/pb\/wp-json\/wp\/v2\/comments?post=14"}],"version-history":[{"count":103,"href":"https:\/\/skilloon.com\/pb\/wp-json\/wp\/v2\/pages\/14\/revisions"}],"predecessor-version":[{"id":314,"href":"https:\/\/skilloon.com\/pb\/wp-json\/wp\/v2\/pages\/14\/revisions\/314"}],"wp:attachment":[{"href":"https:\/\/skilloon.com\/pb\/wp-json\/wp\/v2\/media?parent=14"}],"curies":[{"name":"wp","href":"https:\/\/api.w.org\/{rel}","templated":true}]}}