{"id":16,"date":"2017-10-12T20:18:46","date_gmt":"2017-10-12T20:18:46","guid":{"rendered":"https:\/\/skilloon.com\/?page_id=16"},"modified":"2018-08-16T06:27:11","modified_gmt":"2018-08-16T06:27:11","slug":"results","status":"publish","type":"page","link":"https:\/\/skilloon.com\/pb\/results\/","title":{"rendered":"Resultados"},"content":{"rendered":"<div class=\"wpb-content-wrapper\"><p>[vc_row css=&#8221;.vc_custom_1507854001699{background: #00c8be url(https:\/\/skilloon.com\/wp-content\/uploads\/2017\/10\/hero-tausta-sky.png?id=57) !important;background-position: center !important;background-repeat: no-repeat !important;background-size: cover !important;}&#8221; el_class=&#8221;hero&#8221;][vc_column][vc_single_image image=&#8221;430&#8243; img_size=&#8221;full&#8221; alignment=&#8221;center&#8221;][vc_row_inner el_class=&#8221;buttons&#8221;][vc_column_inner][vc_empty_space height=&#8221;30px&#8221;][vc_btn title=&#8221;Solicite uma demo&#8221; style=&#8221;flat&#8221; shape=&#8221;square&#8221; align=&#8221;center&#8221; el_class=&#8221;button1 color_purple&#8221; link=&#8221;url:mailto%3Ainfo%40notabadidea.fi||target:%20_blank|&#8221;][vc_btn title=&#8221;Login&#8221; style=&#8221;flat&#8221; shape=&#8221;square&#8221; align=&#8221;center&#8221; el_class=&#8221;button1 color_purple&#8221; link=&#8221;url:https%3A%2F%2Fapp.skilloon.com||target:%20_blank|&#8221;][vc_empty_space height=&#8221;30px&#8221;][\/vc_column_inner][\/vc_row_inner][\/vc_column][\/vc_row][vc_row css=&#8221;.vc_custom_1507841469429{background-color: #450062 !important;}&#8221;][vc_column][vc_column_text]<\/p>\n<h3>Estudantes<\/h3>\n<ul>\n<li>Desenvolvem uma mentalidade empreendedora, bem como a defini\u00e7\u00e3o de metas e habilidades de auto-orienta\u00e7\u00e3o.<\/li>\n<li>Tornam-se mais ativos e cooperativos<\/li>\n<li>Desenvolvem sua auto-estima<\/li>\n<li>Tornam-se mais motivados<\/li>\n<li>S\u00e3o orientados rumo a vida profissional e futuros estudos<\/li>\n<li>Agem no desenvolvimento de novas ideias empreendedoras<\/li>\n<\/ul>\n<h3>Professores e mentores<\/h3>\n<ul>\n<li>Implementam uma pedagogia concreta para a educa\u00e7\u00e3o voltada ao empreendedorismo<\/li>\n<li>Desenvolvem as habilidades de aprendizagem dos alunos<\/li>\n<li>Obt\u00e9m melhores resultados acad\u00eamicos usando solu\u00e7\u00f5es digitais<\/li>\n<li>Motivam os alunos em seus estudos e os orientam para a vida profissional<\/li>\n<li>Implementam um aprendizado motivador e divertido<\/li>\n<\/ul>\n<h3>Escolas<\/h3>\n<ul>\n<li>Promovem uma cultura de aprendizagem empreendedora, inovadora e motivadora<\/li>\n<li>Usam novas solu\u00e7\u00f5es digitais de forma significativa<\/li>\n<li>Conduzem o caminho para o uso da pedagogia digital recente, baseada em pesquisas comprovadas<\/li>\n<li>Tornam-se precursoras entre as institui\u00e7\u00f5es de ensino<\/li>\n<\/ul>\n<p>[\/vc_column_text][\/vc_column][\/vc_row]<\/p>\n<\/div>","protected":false},"excerpt":{"rendered":"<p>[vc_row css=&#8221;.vc_custom_1507854001699{background: #00c8be url(https:\/\/skilloon.com\/wp-content\/uploads\/2017\/10\/hero-tausta-sky.png?id=57) !important;background-position: center !important;background-repeat: no-repeat !important;background-size: cover !important;}&#8221; el_class=&#8221;hero&#8221;][vc_column][vc_single_image image=&#8221;430&#8243; img_size=&#8221;full&#8221; alignment=&#8221;center&#8221;][vc_row_inner el_class=&#8221;buttons&#8221;][vc_column_inner][vc_empty_space height=&#8221;30px&#8221;][vc_btn title=&#8221;Solicite uma demo&#8221; style=&#8221;flat&#8221; shape=&#8221;square&#8221; align=&#8221;center&#8221; el_class=&#8221;button1 color_purple&#8221; link=&#8221;url:mailto%3Ainfo%40notabadidea.fi||target:%20_blank|&#8221;][vc_btn title=&#8221;Login&#8221; style=&#8221;flat&#8221; shape=&#8221;square&#8221; align=&#8221;center&#8221; el_class=&#8221;button1 color_purple&#8221; link=&#8221;url:https%3A%2F%2Fapp.skilloon.com||target:%20_blank|&#8221;][vc_empty_space height=&#8221;30px&#8221;][\/vc_column_inner][\/vc_row_inner][\/vc_column][\/vc_row][vc_row&#46;&#46;&#46;<\/p>\n","protected":false},"author":1,"featured_media":0,"parent":0,"menu_order":0,"comment_status":"closed","ping_status":"closed","template":"","meta":{"footnotes":""},"_links":{"self":[{"href":"https:\/\/skilloon.com\/pb\/wp-json\/wp\/v2\/pages\/16"}],"collection":[{"href":"https:\/\/skilloon.com\/pb\/wp-json\/wp\/v2\/pages"}],"about":[{"href":"https:\/\/skilloon.com\/pb\/wp-json\/wp\/v2\/types\/page"}],"author":[{"embeddable":true,"href":"https:\/\/skilloon.com\/pb\/wp-json\/wp\/v2\/users\/1"}],"replies":[{"embeddable":true,"href":"https:\/\/skilloon.com\/pb\/wp-json\/wp\/v2\/comments?post=16"}],"version-history":[{"count":31,"href":"https:\/\/skilloon.com\/pb\/wp-json\/wp\/v2\/pages\/16\/revisions"}],"predecessor-version":[{"id":432,"href":"https:\/\/skilloon.com\/pb\/wp-json\/wp\/v2\/pages\/16\/revisions\/432"}],"wp:attachment":[{"href":"https:\/\/skilloon.com\/pb\/wp-json\/wp\/v2\/media?parent=16"}],"curies":[{"name":"wp","href":"https:\/\/api.w.org\/{rel}","templated":true}]}}