{"id":18,"date":"2017-10-12T20:19:01","date_gmt":"2017-10-12T20:19:01","guid":{"rendered":"https:\/\/skilloon.com\/?page_id=18"},"modified":"2018-08-16T06:28:18","modified_gmt":"2018-08-16T06:28:18","slug":"research","status":"publish","type":"page","link":"https:\/\/skilloon.com\/pb\/research\/","title":{"rendered":"Pesquisa"},"content":{"rendered":"<div class=\"wpb-content-wrapper\"><p>[vc_row css=&#8221;.vc_custom_1507854001699{background: #00c8be url(https:\/\/skilloon.com\/wp-content\/uploads\/2017\/10\/hero-tausta-sky.png?id=57) !important;background-position: center !important;background-repeat: no-repeat !important;background-size: cover !important;}&#8221; el_class=&#8221;hero&#8221;][vc_column][vc_single_image image=&#8221;430&#8243; img_size=&#8221;full&#8221; alignment=&#8221;center&#8221;][vc_row_inner el_class=&#8221;buttons&#8221;][vc_column_inner][vc_empty_space height=&#8221;30px&#8221;][vc_btn title=&#8221;Solicite uma demo&#8221; style=&#8221;flat&#8221; shape=&#8221;square&#8221; align=&#8221;center&#8221; el_class=&#8221;button1 color_purple&#8221; link=&#8221;url:mailto%3Ainfo%40notabadidea.fi||target:%20_blank|&#8221;][vc_btn title=&#8221;Login&#8221; style=&#8221;flat&#8221; shape=&#8221;square&#8221; align=&#8221;center&#8221; el_class=&#8221;button1 color_purple&#8221; link=&#8221;url:https%3A%2F%2Fapp.skilloon.com||target:%20_blank|&#8221;][vc_empty_space height=&#8221;30px&#8221;][\/vc_column_inner][\/vc_row_inner][\/vc_column][\/vc_row][vc_row css=&#8221;.vc_custom_1507841469429{background-color: #450062 !important;}&#8221;][vc_column][vc_custom_heading text=&#8221;Assista e leia algumas experi\u00eancias de usu\u00e1rios de skilloon.&#8221; use_theme_fonts=&#8221;yes&#8221; el_id=&#8221;research1bp&#8221;][vc_empty_space height=&#8221;30px&#8221;][vc_custom_heading text=&#8221;Seija Kiiskinen, conselheira estudantil, Escola Inglesa de Helsinque, Finl\u00e2ndia&#8221; font_container=&#8221;tag:h3|text_align:left&#8221; use_theme_fonts=&#8221;yes&#8221;][vc_empty_space height=&#8221;30px&#8221;][vc_column_text]Na escola inglesa em Helsinque, Skilloon foi testado em janeiro de 2018. As experi\u00eancias tem sido muito boas. O curso obrigat\u00f3rio para alunos do ensino m\u00e9dio inclui um per\u00edodo de dois dias de \u201cjob shadowing\u201d, durante o primeiro e o segundo anos de estudos. Este ano, um curso denominado \u201cprepare-se para o trabalho\u201d com Skilloon foi dado como uma alternativa para completar esses dois dias de \u201cjob shadowing\u201d, nos quais os alunos completaram exerc\u00edcios relacionados a habilidades para a vida profissional e empreendedorismo. Os alunos participaram desta oportunidade com entusiasmo. Do ponto de vista de um orientador, a cria\u00e7\u00e3o do curso foi simples e o programa em si foi muito f\u00e1cil de usar.[\/vc_column_text][vc_empty_space height=&#8221;30px&#8221;][vc_custom_heading text=&#8221;Anu Ala-Krekola-Suni, conselheira estudantil, escola de ensino m\u00e9dio de Lieto, na Finl\u00e2ndia<br \/>\nJyrki Saarnia, Diretor, escola de ensino m\u00e9dio de Lieto, na Finl\u00e2ndia&#8221; font_container=&#8221;tag:h3|text_align:left&#8221; use_theme_fonts=&#8221;yes&#8221;][vc_empty_space height=&#8221;30px&#8221;][vc_column_text]Para o ensino m\u00e9dio, Skilloon foi utilizado como uma ferramenta para o aconselhamento dos alunos durante o \u00faltimo m\u00f3dulo de estudos dos formandos. O graduado Riku Vidqvist descreve que os exerc\u00edcios encorajavam a pausar e davam novos pontos de vista na prepara\u00e7\u00e3o para o exame de matr\u00edcula. \u201cEu tive de realmente pensar e trabalhar duro\u201d \u2013Vidqvist comentou. O diretor do ensino m\u00e9dio, Jyrki Saarnia, est\u00e1 satisfeito com a solu\u00e7\u00e3o Skilloon por esta estar alinhada com as necessidades dos dias atuais. De acordo com o novo curr\u00edculo, a escola deve ser constantemente avaliada, e as estat\u00edsticas em Skilloon fornecem uma excelente ferramenta para isso.[\/vc_column_text][vc_empty_space height=&#8221;30px&#8221;][vc_row_inner][vc_column_inner width=&#8221;1\/2&#8243;][vc_custom_heading text=&#8221;O que \u00e9 SKILLOON? Profa. adjunta Jaana Seikkula-Leino&#8221; font_container=&#8221;tag:h3|text_align:center&#8221; use_theme_fonts=&#8221;yes&#8221; css=&#8221;.vc_custom_1527521353327{padding-right: 15px !important;padding-left: 15px !important;}&#8221;][vc_empty_space height=&#8221;30px&#8221;][vc_video link=&#8221;https:\/\/youtu.be\/jS7nPyqFUJQ&#8221; el_width=&#8221;90&#8243; align=&#8221;center&#8221;][vc_empty_space height=&#8221;30px&#8221;][\/vc_column_inner][vc_column_inner width=&#8221;1\/2&#8243; css=&#8221;.vc_custom_1526972637315{padding-right: 15px !important;padding-left: 15px !important;}&#8221;][vc_custom_heading text=&#8221;Caso estudantil: Kristian Juvonen, Tuas, Finl\u00e2ndia&#8221; font_container=&#8221;tag:h3|text_align:center&#8221; use_theme_fonts=&#8221;yes&#8221; css=&#8221;.vc_custom_1527521346902{padding-right: 15px !important;padding-left: 15px !important;}&#8221;][vc_empty_space height=&#8221;30px&#8221;][vc_video link=&#8221;https:\/\/youtu.be\/1mtid9K-6aM&#8221; el_width=&#8221;90&#8243; align=&#8221;center&#8221;][vc_empty_space height=&#8221;30px&#8221;][\/vc_column_inner][\/vc_row_inner][vc_empty_space height=&#8221;30px&#8221;][vc_row_inner][vc_column_inner width=&#8221;1\/2&#8243; css=&#8221;.vc_custom_1526972646179{padding-right: 15px !important;padding-left: 15px !important;}&#8221;][vc_custom_heading text=&#8221;Caso estudantil: Aino Leino, Universidade de Augsburg, Alemanha&#8221; font_container=&#8221;tag:h3|text_align:center&#8221; use_theme_fonts=&#8221;yes&#8221;][vc_empty_space height=&#8221;30px&#8221;][vc_video link=&#8221;https:\/\/youtu.be\/f1LZkKB4mXo&#8221; el_width=&#8221;90&#8243; align=&#8221;center&#8221;][vc_empty_space height=&#8221;30px&#8221;][\/vc_column_inner][vc_column_inner width=&#8221;1\/2&#8243; css=&#8221;.vc_custom_1526972653895{padding-right: 15px !important;padding-left: 15px !important;}&#8221;][vc_custom_heading text=&#8221;Vencedores do concurso SKILLOON: Maija Heinonen e Van Thang Nguyen, Finl\u00e2ndia&#8221; font_container=&#8221;tag:h3|text_align:center&#8221; use_theme_fonts=&#8221;yes&#8221;][vc_empty_space height=&#8221;30px&#8221;][vc_video link=&#8221;https:\/\/youtu.be\/KlIcurad8mE&#8221; el_width=&#8221;90&#8243; align=&#8221;center&#8221;][vc_empty_space height=&#8221;30px&#8221;][\/vc_column_inner][\/vc_row_inner][vc_empty_space height=&#8221;30px&#8221;][vc_custom_heading text=&#8221;Por que a educa\u00e7\u00e3o Finlandesa?&#8221; use_theme_fonts=&#8221;yes&#8221; el_id=&#8221;research2bp&#8221;][vc_empty_space height=&#8221;30px&#8221;][vc_custom_heading text=&#8221;A Finl\u00e2ndia \u00e9 um pa\u00eds l\u00edder em educa\u00e7\u00e3o. A Finl\u00e2ndia alcan\u00e7ou as melhores pontua\u00e7\u00f5es no teste Pisa, e foi considerado o pa\u00eds mais feliz do mundo, de acordo com o relat\u00f3rio de felicidade mundial de 2018.&#8221; font_container=&#8221;tag:h3|text_align:left&#8221; use_theme_fonts=&#8221;yes&#8221;][vc_empty_space height=&#8221;30px&#8221;][vc_row_inner][vc_column_inner width=&#8221;3\/4&#8243;][vc_custom_heading text=&#8221;A excel\u00eancia Finlandesa em educa\u00e7\u00e3o pela Education Finland (Ag\u00eancia Nacional de Educa\u00e7\u00e3o)&#8221; font_container=&#8221;tag:h3|text_align:left&#8221; use_theme_fonts=&#8221;yes&#8221; css=&#8221;.vc_custom_1525372755889{padding-right: 30px !important;}&#8221;][\/vc_column_inner][vc_column_inner width=&#8221;1\/4&#8243;][vc_btn title=&#8221;Assista ao v\u00eddeo&#8221; style=&#8221;flat&#8221; shape=&#8221;square&#8221; el_class=&#8221;button1 color_orange&#8221; link=&#8221;url:https%3A%2F%2Fyoutu.be%2F17ajgUNvUrg||target:%20_blank|&#8221;][\/vc_column_inner][\/vc_row_inner][vc_empty_space height=&#8221;30px&#8221;][vc_row_inner][vc_column_inner width=&#8221;3\/4&#8243;][vc_custom_heading text=&#8221;Educa\u00e7\u00e3o na Finl\u00e2ndia&#8221; font_container=&#8221;tag:h3|text_align:left&#8221; use_theme_fonts=&#8221;yes&#8221; css=&#8221;.vc_custom_1525266906310{padding-right: 30px !important;}&#8221;][\/vc_column_inner][vc_column_inner width=&#8221;1\/4&#8243;][vc_btn title=&#8221;Assista ao v\u00eddeo&#8221; style=&#8221;flat&#8221; shape=&#8221;square&#8221; el_class=&#8221;button1 color_orange&#8221; link=&#8221;url:https%3A%2F%2Fyoutu.be%2FoZkPgsGLnP4||target:%20_blank|&#8221;][\/vc_column_inner][\/vc_row_inner][vc_empty_space height=&#8221;30px&#8221;][vc_row_inner][vc_column_inner width=&#8221;3\/4&#8243;][vc_custom_heading text=&#8221;A educa\u00e7\u00e3o Finlandesa concentra-se na educa\u00e7\u00e3o de alta qualidade e na aprendizagem ao longo da vida. Leia mais sobre a educa\u00e7\u00e3o Finlandesa.&#8221; font_container=&#8221;tag:h3|text_align:left&#8221; use_theme_fonts=&#8221;yes&#8221; css=&#8221;.vc_custom_1525266917192{padding-right: 30px !important;}&#8221;][\/vc_column_inner][vc_column_inner width=&#8221;1\/4&#8243;][vc_btn title=&#8221;Consulte mais informa\u00e7\u00e3o&#8221; style=&#8221;flat&#8221; shape=&#8221;square&#8221; el_class=&#8221;button1 color_orange&#8221; link=&#8221;url:https%3A%2F%2Ftoolbox.finland.fi%2Fe-publications%2Ffinfo-brochure-series%2Ffinfo-education-finland-key-nations-success-portuguese%2F||target:%20_blank|&#8221;][\/vc_column_inner][\/vc_row_inner][vc_empty_space height=&#8221;30px&#8221;][vc_row_inner][vc_column_inner width=&#8221;3\/4&#8243;][vc_custom_heading text=&#8221;A dura\u00e7\u00e3o da escolaridade obrigat\u00f3ria na Finl\u00e2ndia \u00e9 de 10 anos. Leia mais sobre educa\u00e7\u00e3o na Finl\u00e2ndia e como ela \u00e9 especial.&#8221; font_container=&#8221;tag:h3|text_align:left&#8221; use_theme_fonts=&#8221;yes&#8221; css=&#8221;.vc_custom_1525266925421{padding-right: 30px !important;}&#8221;][\/vc_column_inner][vc_column_inner width=&#8221;1\/4&#8243;][vc_btn title=&#8221;Consulte mais informa\u00e7\u00e3o&#8221; style=&#8221;flat&#8221; shape=&#8221;square&#8221; el_class=&#8221;button1 color_orange&#8221; link=&#8221;url:http%3A%2F%2Fwww.oph.fi%2Fdownload%2F180148_Compulsory_education_in_Finland.pdf||target:%20_blank|&#8221;][\/vc_column_inner][\/vc_row_inner][vc_empty_space height=&#8221;30px&#8221;][vc_custom_heading text=&#8221;Mais informa\u00e7\u00f5es sobre skilloon&#8221; use_theme_fonts=&#8221;yes&#8221;][vc_empty_space height=&#8221;30px&#8221;][vc_custom_heading text=&#8221;SKILLOON \u00e9 um ambiente de aprendizado, baseado em pesquisa, que coloca em pr\u00e1tica o aprendizado empreendedor. Nos tr\u00eas v\u00eddeos abaixo, a Professora adjunta Jaana Seikkula-Leino explica os benef\u00edcios de SKILLOON e a pesquisa por tr\u00e1s da solu\u00e7\u00e3o.&#8221; font_container=&#8221;tag:h3|text_align:left&#8221; use_theme_fonts=&#8221;yes&#8221;][vc_empty_space height=&#8221;30px&#8221;][vc_row_inner][vc_column_inner width=&#8221;3\/4&#8243;][vc_custom_heading text=&#8221;O que \u00e9 SKILLOON e quais s\u00e3o seus benef\u00edcios para o usu\u00e1rio?&#8221; font_container=&#8221;tag:h3|text_align:left&#8221; use_theme_fonts=&#8221;yes&#8221; css=&#8221;.vc_custom_1527521368658{padding-right: 30px !important;}&#8221;][\/vc_column_inner][vc_column_inner width=&#8221;1\/4&#8243;][vc_btn title=&#8221;Assista ao v\u00eddeo&#8221; style=&#8221;flat&#8221; shape=&#8221;square&#8221; el_class=&#8221;button1 color_orange&#8221; link=&#8221;url:https%3A%2F%2Fyoutu.be%2F-wSQG8E3_DA||target:%20_blank|&#8221;][\/vc_column_inner][\/vc_row_inner][vc_empty_space height=&#8221;30px&#8221;][vc_row_inner][vc_column_inner width=&#8221;3\/4&#8243;][vc_custom_heading text=&#8221;Qual a base de SKILLOON quanto \u00e0 pesquisa?&#8221; font_container=&#8221;tag:h3|text_align:left&#8221; use_theme_fonts=&#8221;yes&#8221; css=&#8221;.vc_custom_1527521376923{padding-right: 30px !important;}&#8221;][\/vc_column_inner][vc_column_inner width=&#8221;1\/4&#8243;][vc_btn title=&#8221;Assista ao v\u00eddeo&#8221; style=&#8221;flat&#8221; shape=&#8221;square&#8221; el_class=&#8221;button1 color_orange&#8221; link=&#8221;url:https%3A%2F%2Fyoutu.be%2FpKu-xk0CnnI||target:%20_blank|&#8221;][\/vc_column_inner][\/vc_row_inner][vc_empty_space height=&#8221;30px&#8221;][vc_row_inner][vc_column_inner width=&#8221;3\/4&#8243;][vc_custom_heading text=&#8221;Como a avalia\u00e7\u00e3o \u00e9 implementada de maneira confi\u00e1vel em SKILLOON?&#8221; font_container=&#8221;tag:h3|text_align:left&#8221; use_theme_fonts=&#8221;yes&#8221; css=&#8221;.vc_custom_1527521386074{padding-right: 30px !important;}&#8221;][\/vc_column_inner][vc_column_inner width=&#8221;1\/4&#8243;][vc_btn title=&#8221;Assista ao v\u00eddeo&#8221; style=&#8221;flat&#8221; shape=&#8221;square&#8221; el_class=&#8221;button1 color_orange&#8221; link=&#8221;url:https%3A%2F%2Fyoutu.be%2F0cV4YttbTMI||target:%20_blank|&#8221;][\/vc_column_inner][\/vc_row_inner][vc_empty_space height=&#8221;30px&#8221;][vc_row_inner][vc_column_inner width=&#8221;3\/4&#8243;][vc_custom_heading text=&#8221;Obtenha uma melhor compreens\u00e3o de SKILLOON por meio deste breve folheto.&#8221; font_container=&#8221;tag:h3|text_align:left&#8221; use_theme_fonts=&#8221;yes&#8221; css=&#8221;.vc_custom_1527521395036{padding-right: 30px !important;}&#8221;][\/vc_column_inner][vc_column_inner width=&#8221;1\/4&#8243;][vc_btn title=&#8221;Consulte mais informa\u00e7\u00e3o&#8221; style=&#8221;flat&#8221; shape=&#8221;square&#8221; el_class=&#8221;button1 color_orange&#8221; link=&#8221;url:https%3A%2F%2Fskilloon.com%2Fwp-content%2Fuploads%2F2018%2F05%2FSkilloon_brochure_bp.pdf||target:%20_blank|&#8221;][\/vc_column_inner][\/vc_row_inner][\/vc_column][\/vc_row][vc_row css=&#8221;.vc_custom_1507842634472{background-color: #ff8200 !important;}&#8221;][vc_column][vc_custom_heading text=&#8221;O Skilloon foi desenvolvido em coopera\u00e7\u00e3o com v\u00e1rias escolas finlandesas, universidades e grupos de pesquisa, e envolve um alto grau de coopera\u00e7\u00e3o internacional.&#8221; use_theme_fonts=&#8221;yes&#8221;][vc_empty_space height=&#8221;30px&#8221;][vc_custom_heading text=&#8221;M\u00f3dulos de pesquisa Skilloon&#8221; use_theme_fonts=&#8221;yes&#8221;][vc_column_text]<\/p>\n<table class=\"tg\">\n<tbody>\n<tr>\n<th class=\"tg-drct\">\n<h3>Aprendizagem empreendedora na pr\u00e1tica<\/h3>\n<\/th>\n<th class=\"tg-drct\">\n<h3>Auto-avalia\u00e7\u00f5es e avalia\u00e7\u00f5es escolares<\/h3>\n<\/th>\n<th class=\"tg-drct\">\n<h3>Tarefas pessoais e de grupo<\/h3>\n<\/th>\n<th class=\"tg-drct\">\n<h3>Logbook &#8211; portfolio pessoal<\/h3>\n<\/th>\n<\/tr>\n<tr>\n<td class=\"tg-32n7\" rowspan=\"6\">\n<h3>A base para o aprendizado empreendedor (Seikkula-Leino, 2016)<\/h3>\n<\/td>\n<td class=\"tg-32n7\" colspan=\"3\">\n<h3>Confian\u00e7a<\/h3>\n<\/td>\n<\/tr>\n<tr>\n<td class=\"tg-32n7\" colspan=\"3\">\n<h3>Conhe\u00e7a-se<\/h3>\n<\/td>\n<\/tr>\n<tr>\n<td class=\"tg-32n7\" colspan=\"3\">\n<h3>Coopera\u00e7\u00e3o<\/h3>\n<\/td>\n<\/tr>\n<tr>\n<td class=\"tg-32n7\" colspan=\"3\">\n<h3>Aprenda a definir metas<\/h3>\n<\/td>\n<\/tr>\n<tr>\n<td class=\"tg-32n7\" colspan=\"3\">\n<h3>Pratique o sucesso<\/h3>\n<\/td>\n<\/tr>\n<tr>\n<td class=\"tg-32n7\" colspan=\"3\">\n<h3>Caminho para futuros estudos e vida profissional<\/h3>\n<\/td>\n<\/tr>\n<\/tbody>\n<\/table>\n<p>[\/vc_column_text][vc_empty_space height=&#8221;50px&#8221;][vc_custom_heading text=&#8221;Skilloon deu bons resultados e ajudou os alunos no auto-desenvolvimento.&#8221; use_theme_fonts=&#8221;yes&#8221;][vc_empty_space height=&#8221;30px&#8221;][vc_single_image image=&#8221;384&#8243; img_size=&#8221;full&#8221; alignment=&#8221;center&#8221;][\/vc_column][\/vc_row]<\/p>\n<\/div>","protected":false},"excerpt":{"rendered":"<p>[vc_row css=&#8221;.vc_custom_1507854001699{background: #00c8be url(https:\/\/skilloon.com\/wp-content\/uploads\/2017\/10\/hero-tausta-sky.png?id=57) !important;background-position: center !important;background-repeat: no-repeat !important;background-size: cover !important;}&#8221; el_class=&#8221;hero&#8221;][vc_column][vc_single_image image=&#8221;430&#8243; img_size=&#8221;full&#8221; alignment=&#8221;center&#8221;][vc_row_inner el_class=&#8221;buttons&#8221;][vc_column_inner][vc_empty_space height=&#8221;30px&#8221;][vc_btn title=&#8221;Solicite uma demo&#8221; style=&#8221;flat&#8221; shape=&#8221;square&#8221; align=&#8221;center&#8221; el_class=&#8221;button1 color_purple&#8221; link=&#8221;url:mailto%3Ainfo%40notabadidea.fi||target:%20_blank|&#8221;][vc_btn title=&#8221;Login&#8221; style=&#8221;flat&#8221; shape=&#8221;square&#8221; align=&#8221;center&#8221; el_class=&#8221;button1 color_purple&#8221; link=&#8221;url:https%3A%2F%2Fapp.skilloon.com||target:%20_blank|&#8221;][vc_empty_space height=&#8221;30px&#8221;][\/vc_column_inner][\/vc_row_inner][\/vc_column][\/vc_row][vc_row&#46;&#46;&#46;<\/p>\n","protected":false},"author":1,"featured_media":0,"parent":0,"menu_order":0,"comment_status":"closed","ping_status":"closed","template":"","meta":{"footnotes":""},"_links":{"self":[{"href":"https:\/\/skilloon.com\/pb\/wp-json\/wp\/v2\/pages\/18"}],"collection":[{"href":"https:\/\/skilloon.com\/pb\/wp-json\/wp\/v2\/pages"}],"about":[{"href":"https:\/\/skilloon.com\/pb\/wp-json\/wp\/v2\/types\/page"}],"author":[{"embeddable":true,"href":"https:\/\/skilloon.com\/pb\/wp-json\/wp\/v2\/users\/1"}],"replies":[{"embeddable":true,"href":"https:\/\/skilloon.com\/pb\/wp-json\/wp\/v2\/comments?post=18"}],"version-history":[{"count":110,"href":"https:\/\/skilloon.com\/pb\/wp-json\/wp\/v2\/pages\/18\/revisions"}],"predecessor-version":[{"id":433,"href":"https:\/\/skilloon.com\/pb\/wp-json\/wp\/v2\/pages\/18\/revisions\/433"}],"wp:attachment":[{"href":"https:\/\/skilloon.com\/pb\/wp-json\/wp\/v2\/media?parent=18"}],"curies":[{"name":"wp","href":"https:\/\/api.w.org\/{rel}","templated":true}]}}