{"id":22,"date":"2017-10-12T20:19:28","date_gmt":"2017-10-12T20:19:28","guid":{"rendered":"https:\/\/skilloon.com\/?page_id=22"},"modified":"2018-08-16T06:28:59","modified_gmt":"2018-08-16T06:28:59","slug":"references","status":"publish","type":"page","link":"https:\/\/skilloon.com\/pb\/references\/","title":{"rendered":"Refer\u00eancias"},"content":{"rendered":"<div class=\"wpb-content-wrapper\"><p>[vc_row css=&#8221;.vc_custom_1507854001699{background: #00c8be url(https:\/\/skilloon.com\/wp-content\/uploads\/2017\/10\/hero-tausta-sky.png?id=57) !important;background-position: center !important;background-repeat: no-repeat !important;background-size: cover !important;}&#8221; el_class=&#8221;hero&#8221;][vc_column][vc_single_image image=&#8221;430&#8243; img_size=&#8221;full&#8221; alignment=&#8221;center&#8221;][vc_row_inner el_class=&#8221;buttons&#8221;][vc_column_inner][vc_empty_space height=&#8221;30px&#8221;][vc_btn title=&#8221;Solicite uma demo&#8221; style=&#8221;flat&#8221; shape=&#8221;square&#8221; align=&#8221;center&#8221; el_class=&#8221;button1 color_purple&#8221; link=&#8221;url:mailto%3Ainfo%40notabadidea.fi||target:%20_blank|&#8221;][vc_btn title=&#8221;Login&#8221; style=&#8221;flat&#8221; shape=&#8221;square&#8221; align=&#8221;center&#8221; el_class=&#8221;button1 color_purple&#8221; link=&#8221;url:https%3A%2F%2Fapp.skilloon.com||target:%20_blank|&#8221;][vc_empty_space height=&#8221;30px&#8221;][\/vc_column_inner][\/vc_row_inner][\/vc_column][\/vc_row][vc_row css=&#8221;.vc_custom_1507841469429{background-color: #450062 !important;}&#8221;][vc_column][vc_custom_heading text=&#8221;O SELO DE QUALIDADE DADO PELA AG\u00caNCIA NACIONAL FINLANDESA DE EDUCA\u00c7\u00c3O PARA O DESENVOLVIMENTO DO SKILLOON POR NOT A BAD IDEA, E SER SEU PARCEIRO OFICIAL NA \u00c1REA DA EDUCA\u00c7\u00c3O. A AG\u00caNCIA EST\u00c1 FINANCIANDO O DESENVOLVIMENTO NACIONAL DE SKILLOON NA FINL\u00c2NDIA.&#8221; use_theme_fonts=&#8221;yes&#8221;][\/vc_column][\/vc_row][vc_row css=&#8221;.vc_custom_1507842634472{background-color: #ff8200 !important;}&#8221;][vc_column][vc_custom_heading text=&#8221;O Minist\u00e9rio da Educa\u00e7\u00e3o e Cultura da Finl\u00e2ndia implementou Skilloon no projeto nacional de educa\u00e7\u00e3o na descri\u00e7\u00e3o de sua mais recente estrat\u00e9gia nacional de empreendedorismo na educa\u00e7\u00e3o.&#8221; use_theme_fonts=&#8221;yes&#8221;][\/vc_column][\/vc_row][vc_row css=&#8221;.vc_custom_1507863425578{background-color: #00c8be !important;}&#8221;][vc_column][vc_row_inner][vc_column_inner width=&#8221;1\/2&#8243; offset=&#8221;vc_col-lg-offset-3 vc_col-md-offset-3 vc_col-sm-offset-3&#8243;][vc_column_text el_class=&#8221;galleria&#8221;]<\/p>\n\n\t\t<style type=\"text\/css\">\n\t\t\t#gallery-2 {\n\t\t\t\tmargin: auto;\n\t\t\t}\n\t\t\t#gallery-2 .gallery-item {\n\t\t\t\tfloat: left;\n\t\t\t\tmargin-top: 10px;\n\t\t\t\ttext-align: center;\n\t\t\t\twidth: 50%;\n\t\t\t}\n\t\t\t#gallery-2 img {\n\t\t\t\tborder: 2px solid #cfcfcf;\n\t\t\t}\n\t\t\t#gallery-2 .gallery-caption {\n\t\t\t\tmargin-left: 0;\n\t\t\t}\n\t\t\t\/* see gallery_shortcode() in wp-includes\/media.php *\/\n\t\t<\/style>\n\t\t<div id='gallery-2' class='gallery galleryid-22 gallery-columns-2 gallery-size-medium'><dl class='gallery-item'>\n\t\t\t<dt class='gallery-icon landscape'>\n\t\t\t\t<img loading=\"lazy\" decoding=\"async\" width=\"300\" height=\"300\" src=\"https:\/\/skilloon.com\/wp-content\/uploads\/2017\/10\/laatuleima-1-300x300.gif\" class=\"attachment-medium size-medium\" alt=\"\" srcset=\"https:\/\/skilloon.com\/wp-content\/uploads\/2017\/10\/laatuleima-1-300x300.gif 300w, https:\/\/skilloon.com\/wp-content\/uploads\/2017\/10\/laatuleima-1-150x150.gif 150w, https:\/\/skilloon.com\/wp-content\/uploads\/2017\/10\/laatuleima-1-160x160.gif 160w, https:\/\/skilloon.com\/wp-content\/uploads\/2017\/10\/laatuleima-1-320x320.gif 320w, https:\/\/skilloon.com\/wp-content\/uploads\/2017\/10\/laatuleima-1-520x520.gif 520w\" sizes=\"(max-width: 300px) 100vw, 300px\" \/>\n\t\t\t<\/dt><\/dl><dl class='gallery-item'>\n\t\t\t<dt class='gallery-icon landscape'>\n\t\t\t\t<img loading=\"lazy\" decoding=\"async\" width=\"300\" height=\"179\" src=\"https:\/\/skilloon.com\/wp-content\/uploads\/2017\/10\/moeac-logo-300x179.gif\" class=\"attachment-medium size-medium\" alt=\"\" srcset=\"https:\/\/skilloon.com\/wp-content\/uploads\/2017\/10\/moeac-logo-300x179.gif 300w, https:\/\/skilloon.com\/wp-content\/uploads\/2017\/10\/moeac-logo-520x310.gif 520w\" sizes=\"(max-width: 300px) 100vw, 300px\" \/>\n\t\t\t<\/dt><\/dl><br style=\"clear: both\" \/>\n\t\t<\/div>\n\n<p>[\/vc_column_text][\/vc_column_inner][\/vc_row_inner][\/vc_column][\/vc_row]<\/p>\n<\/div>","protected":false},"excerpt":{"rendered":"<p>[vc_row css=&#8221;.vc_custom_1507854001699{background: #00c8be url(https:\/\/skilloon.com\/wp-content\/uploads\/2017\/10\/hero-tausta-sky.png?id=57) !important;background-position: center !important;background-repeat: no-repeat !important;background-size: cover !important;}&#8221; el_class=&#8221;hero&#8221;][vc_column][vc_single_image image=&#8221;430&#8243; img_size=&#8221;full&#8221; alignment=&#8221;center&#8221;][vc_row_inner el_class=&#8221;buttons&#8221;][vc_column_inner][vc_empty_space height=&#8221;30px&#8221;][vc_btn title=&#8221;Solicite uma demo&#8221; style=&#8221;flat&#8221; shape=&#8221;square&#8221; align=&#8221;center&#8221; el_class=&#8221;button1 color_purple&#8221; link=&#8221;url:mailto%3Ainfo%40notabadidea.fi||target:%20_blank|&#8221;][vc_btn title=&#8221;Login&#8221; style=&#8221;flat&#8221; shape=&#8221;square&#8221; align=&#8221;center&#8221; el_class=&#8221;button1 color_purple&#8221; link=&#8221;url:https%3A%2F%2Fapp.skilloon.com||target:%20_blank|&#8221;][vc_empty_space height=&#8221;30px&#8221;][\/vc_column_inner][\/vc_row_inner][\/vc_column][\/vc_row][vc_row&#46;&#46;&#46;<\/p>\n","protected":false},"author":1,"featured_media":0,"parent":0,"menu_order":0,"comment_status":"closed","ping_status":"closed","template":"","meta":{"footnotes":""},"_links":{"self":[{"href":"https:\/\/skilloon.com\/pb\/wp-json\/wp\/v2\/pages\/22"}],"collection":[{"href":"https:\/\/skilloon.com\/pb\/wp-json\/wp\/v2\/pages"}],"about":[{"href":"https:\/\/skilloon.com\/pb\/wp-json\/wp\/v2\/types\/page"}],"author":[{"embeddable":true,"href":"https:\/\/skilloon.com\/pb\/wp-json\/wp\/v2\/users\/1"}],"replies":[{"embeddable":true,"href":"https:\/\/skilloon.com\/pb\/wp-json\/wp\/v2\/comments?post=22"}],"version-history":[{"count":46,"href":"https:\/\/skilloon.com\/pb\/wp-json\/wp\/v2\/pages\/22\/revisions"}],"predecessor-version":[{"id":434,"href":"https:\/\/skilloon.com\/pb\/wp-json\/wp\/v2\/pages\/22\/revisions\/434"}],"wp:attachment":[{"href":"https:\/\/skilloon.com\/pb\/wp-json\/wp\/v2\/media?parent=22"}],"curies":[{"name":"wp","href":"https:\/\/api.w.org\/{rel}","templated":true}]}}